{"id":324,"date":"2013-05-06T11:29:44","date_gmt":"2013-05-06T10:29:44","guid":{"rendered":"http:\/\/www.ilotdelacotedor.fr\/?page_id=324"},"modified":"2013-05-07T11:05:44","modified_gmt":"2013-05-07T10:05:44","slug":"printemps-des-voisins-2013","status":"publish","type":"page","link":"http:\/\/www.ilotdelacotedor.fr\/?page_id=324","title":{"rendered":"Printemps des voisins 2013"},"content":{"rendered":"<p style=\"text-align: justify;\"><span style=\"line-height: 1.714285714; font-size: 1rem;\">En mode liste, cliquez sur une photo pour l&rsquo;agrandir puis naviguez dans les photos avec les fl\u00e8ches droite et gauche du clavier ou en cliquant sur les doubles fl\u00e8ches \u00e0 la base de la photo agrandie.<br \/>\n[nggallery id=1]<\/span><\/p>\n","protected":false},"excerpt":{"rendered":"<p>En mode liste, cliquez sur une photo pour l&rsquo;agrandir puis naviguez dans les photos avec les fl\u00e8ches droite et gauche du clavier ou en cliquant sur les doubles fl\u00e8ches \u00e0 la base de la photo agrandie. [nggallery id=1]<\/p>\n","protected":false},"author":1,"featured_media":0,"parent":0,"menu_order":0,"comment_status":"open","ping_status":"open","template":"page-templates\/full-width.php","meta":{"_exactmetrics_skip_tracking":false,"_exactmetrics_sitenote_active":false,"_exactmetrics_sitenote_note":"","_exactmetrics_sitenote_category":0,"footnotes":""},"class_list":["post-324","page","type-page","status-publish","hentry"],"post_mailing_queue_ids":[],"_links":{"self":[{"href":"http:\/\/www.ilotdelacotedor.fr\/index.php?rest_route=\/wp\/v2\/pages\/324","targetHints":{"allow":["GET"]}}],"collection":[{"href":"http:\/\/www.ilotdelacotedor.fr\/index.php?rest_route=\/wp\/v2\/pages"}],"about":[{"href":"http:\/\/www.ilotdelacotedor.fr\/index.php?rest_route=\/wp\/v2\/types\/page"}],"author":[{"embeddable":true,"href":"http:\/\/www.ilotdelacotedor.fr\/index.php?rest_route=\/wp\/v2\/users\/1"}],"replies":[{"embeddable":true,"href":"http:\/\/www.ilotdelacotedor.fr\/index.php?rest_route=%2Fwp%2Fv2%2Fcomments&post=324"}],"version-history":[{"count":9,"href":"http:\/\/www.ilotdelacotedor.fr\/index.php?rest_route=\/wp\/v2\/pages\/324\/revisions"}],"predecessor-version":[{"id":441,"href":"http:\/\/www.ilotdelacotedor.fr\/index.php?rest_route=\/wp\/v2\/pages\/324\/revisions\/441"}],"wp:attachment":[{"href":"http:\/\/www.ilotdelacotedor.fr\/index.php?rest_route=%2Fwp%2Fv2%2Fmedia&parent=324"}],"curies":[{"name":"wp","href":"https:\/\/api.w.org\/{rel}","templated":true}]}}