{"id":131,"date":"2013-04-10T18:25:50","date_gmt":"2013-04-10T17:25:50","guid":{"rendered":"http:\/\/www.ilotdelacotedor.fr\/?page_id=131"},"modified":"2026-02-24T18:56:28","modified_gmt":"2026-02-24T17:56:28","slug":"liens-utiles-2","status":"publish","type":"page","link":"https:\/\/www.ilotdelacotedor.fr\/?page_id=131","title":{"rendered":"Liens utiles"},"content":{"rendered":"<p style=\"text-align: center;\">Pour adh\u00e9rer \u00e0 l&rsquo;association, vous pouvez\u00a0aller sur <a href=\"https:\/\/www.helloasso.com\/associations\/ilot-de-la-cote-d-or\/adhesions\/adhesion-2026\" target=\"_blank\" rel=\"noopener\">Hello Asso\u00a0<\/a>ou scanner ce QR-code :<a href=\"http:\/\/www.ilotdelacotedor.fr\/wp-content\/uploads\/2026\/02\/2026-qr-code-adhesion.jpg\"><img loading=\"lazy\" decoding=\"async\" class=\"aligncenter\" src=\"http:\/\/www.ilotdelacotedor.fr\/wp-content\/uploads\/2026\/02\/2026-qr-code-adhesion.jpg\" alt=\"\" width=\"121\" height=\"114\" \/><\/a>* * * *<\/p>\n<p style=\"text-align: justify;\">Et pour les questions du quotidien :<\/p>\n<ul style=\"list-style-type: circle;\">\n<li style=\"text-align: justify;\">A quelle heure ferme la d\u00e9chetterie ?<\/li>\n<li style=\"text-align: justify;\">O\u00f9 puis-je boire une bonne bi\u00e8re ?<\/li>\n<li style=\"text-align: justify;\">Qui expose en ce moment au mus\u00e9e des Beaux Arts ?<\/li>\n<li style=\"text-align: justify;\">Quel est le club de judo le plus proche de l&rsquo;\u00celot ?<\/li>\n<li style=\"text-align: justify;\">Quand a lieu le prochain match des Corsaires de Nantes (\u00e9quipe de hockey) \u00e0 la patinoire ?<\/li>\n<li style=\"text-align: justify;\">etc.<\/li>\n<\/ul>\n<p style=\"text-align: justify;\">Les liens ci-dessous doivent vous aider \u00e0 trouver des r\u00e9ponses.<\/p>\n<h1><span style=\"font-size: 1.5rem; line-height: 1.5;\">Infos pratiques<\/span><\/h1>\n<p><a href=\"http:\/\/www.nantes.fr\" target=\"_blank\" rel=\"noopener noreferrer\"><img loading=\"lazy\" decoding=\"async\" class=\" wp-image-207 alignnone\" style=\"margin: 8px;\" title=\"Ville de Nantes (nouvelle fen\u00eatre)\" src=\"http:\/\/www.ilotdelacotedor.fr\/wp-content\/uploads\/2013\/04\/logonantes2.png\" alt=\"Ville de Nantes\" width=\"119\" height=\"60\" \/><\/a><a title=\"AMAP Nantes hippodrome (nouvelle fen\u00eatre)\" href=\"http:\/\/www.amap44.org\/amap-de-l-hippodrome\/\" target=\"_blank\" rel=\"noopener noreferrer\"><img loading=\"lazy\" decoding=\"async\" class=\"alignnone wp-image-164\" style=\"margin: 8px;\" src=\"http:\/\/www.ilotdelacotedor.fr\/wp-content\/uploads\/2013\/04\/logoamap.png\" alt=\"AMAP\" width=\"125\" height=\"63\" \/><\/a><\/p>\n<h1 style=\"text-align: left;\">Transports<\/h1>\n<p style=\"text-align: justify;\" data-wp-editing=\"1\"><a href=\"https:\/\/naolib.fr\/\" target=\"_blank\" rel=\"noopener\"><img loading=\"lazy\" decoding=\"async\" class=\"alignleft wp-image-1323 size-full\" title=\"TAN (nouvelle fen\u00eatre)\" src=\"http:\/\/www.ilotdelacotedor.fr\/wp-content\/uploads\/2024\/04\/logo-naolib.png\" alt=\"\" width=\"178\" height=\"90\" \/><\/a>La ligne de bus n\u00b020 et\u00a0 26 passent sur le boulevards des Tribunes:<br \/>\n<span style=\"color: #0000ff;\"><a style=\"color: #0000ff;\" href=\"https:\/\/naolib.fr\/fr\/fiche-horaires-ligne-26\" target=\"_blank\" rel=\"noopener\">Fiche horaires ligne 26<\/a><\/span><br \/>\n<span style=\"color: #0000ff;\"><a style=\"color: #0000ff;\" href=\"https:\/\/naolib.fr\/fr\/fiche-horaires-ligne-c20\" target=\"_blank\" rel=\"noopener noreferrer\">Fiche horaires ligne 20<\/a><\/span><\/p>\n<p>&nbsp;<\/p>\n<p style=\"text-align: justify;\">Vous pouvez \u00e9galement<\/p>\n<ul>\n<li>voir le plan :\u00a0<a href=\"https:\/\/plan.naolib.fr\/\">https:\/\/plan.naolib.fr\/<\/a><\/li>\n<li>calculer un itin\u00e9raire <a href=\"https:\/\/naolib.fr\/fr\/transports-en-commun\/tram-bus-navibus#horaires-et-itineraires\" target=\"_blank\" rel=\"noopener noreferrer\">https:\/\/naolib.fr\/fr\/transports-en-commun\/<\/a><\/li>\n<li>acheter des titres de transport en ligne: <a href=\"http:\/\/boutique.tan.fr\/\" target=\"_blank\" rel=\"noopener noreferrer\">https:\/\/boutique.tan.fr\/<\/a><\/li>\n<\/ul>\n<h1>Collecte des d\u00e9chets<\/h1>\n<p style=\"text-align: justify;\">Les jours de collecte de notre quartier sont le <strong>lundi<\/strong> matin (Poubelle Bleu) et le <strong>jeudi <\/strong>matin (Poubelle Jaune)<strong>\u00a0<\/strong>!<\/p>\n<p style=\"text-align: justify;\">Pensez, donc, \u00e0 sortir vos conteneurs les dimanches et mercredi soir.<\/p>\n<h1>D\u00e9chetterie<\/h1>\n<p>La <strong>d\u00e9chetterie<\/strong> la plus proche est celle de La <strong>Chapelle-sur-Erdre<\/strong> (Rue Amp\u00e8re)<\/p>\n<div id=\"horaires_ouverture\">\n<p class=\"titre_3\">Horaires d&rsquo;ouverture <strong>7 jours sur 7<\/strong>, de <strong>10h \u00e0 17h45<\/strong><\/p>\n<p class=\"titre_3\"><a title=\"Horaires d\u00e9chetterie de La Chapelle-sur-Erdre\" href=\"https:\/\/metropole.nantes.fr\/carte-dechetteries\" target=\"_blank\" rel=\"noopener noreferrer\">Informations <strong>d\u00e9chetterie<\/strong>\u00a0de La Chapelle-sur-Erdre<\/a><\/p>\n<\/div>\n<h1 style=\"text-align: left;\">Piscine et Patinoire du Petit Port<\/h1>\n<p><a href=\"http:\/\/www.ilotdelacotedor.fr\/wp-content\/uploads\/2013\/04\/Capture.png\"><img loading=\"lazy\" decoding=\"async\" class=\"wp-image-862 alignleft\" src=\"http:\/\/www.ilotdelacotedor.fr\/wp-content\/uploads\/2013\/04\/Capture.png\" alt=\"\" width=\"112\" height=\"111\" srcset=\"https:\/\/www.ilotdelacotedor.fr\/wp-content\/uploads\/2013\/04\/Capture.png 217w, https:\/\/www.ilotdelacotedor.fr\/wp-content\/uploads\/2013\/04\/Capture-150x150.png 150w\" sizes=\"auto, (max-width: 112px) 100vw, 112px\" \/><\/a><\/p>\n<p>Heure d&rsquo;ouverture en fonction des p\u00e9riodes :<\/p>\n<ul>\n<li>Piscine: \u00a0<a href=\"http:\/\/www.piscine-nantes.fr\/fr\/horaires-tarifs\" target=\"_blank\" rel=\"noopener noreferrer\">http:\/\/www.piscine-nantes.fr\/fr\/horaires-tarifs<\/a><\/li>\n<li>Patinoire :\u00a0<a href=\"http:\/\/www.patinoire-nantes.fr\/fr\/horaires-et-tarifs\" target=\"_blank\" rel=\"noopener noreferrer\">http:\/\/www.patinoire-nantes.fr\/fr\/horaires-et-tarifs<\/a><\/li>\n<\/ul>\n<h1 style=\"text-align: left;\">Sortir \u00e0 Nantes<\/h1>\n<h2 style=\"text-align: left;\">Trouver un restaurant, un bar<\/h2>\n<p style=\"text-align: left;\"><a href=\"http:\/\/www.lestablesdenantes.fr\" target=\"_blank\" rel=\"noopener noreferrer\">http:\/\/www.lestablesdenantes.fr\/<br \/>\n<\/a><a href=\"https:\/\/www.lafourchette.com\/ville\/nantes\/375898\" target=\"_blank\" rel=\"noopener noreferrer\">https:\/\/www.lafourchette.com<\/a><\/p>\n<h2 style=\"text-align: left;\">\u00c9v\u00e9nements culturels<\/h2>\n<p style=\"text-align: left;\"><a href=\"https:\/\/www.levoyageanantes.fr\/\">https:\/\/www.levoyageanantes.fr\/<\/a><br \/>\n<a style=\"line-height: 1.714285714; font-size: 1rem;\" href=\"http:\/\/www.cityvox.fr\/guide_nantes\/AccueilVille\" target=\"_blank\" rel=\"noopener noreferrer\">http:\/\/www.cityvox.fr\/guide_nantes\/AccueilVille<br \/>\n<\/a><a style=\"line-height: 1.714285714; font-size: 1rem;\" href=\"http:\/\/www.wik-nantes.fr\/nantes\/1\" target=\"_blank\" rel=\"noopener noreferrer\">http:\/\/www.wik-nantes.fr\/nantes\/1<br \/>\n<\/a><a style=\"line-height: 1.714285714; font-size: 1rem;\" href=\"http:\/\/nantes.maville.com\/sortir\/agenda_accueil.php\" target=\"_blank\" rel=\"noopener noreferrer\">http:\/\/nantes.maville.com\/sortir\/agenda_accueil.php<\/a><br \/>\n<a href=\"https:\/\/infolocale.ouest-france.fr\/\" target=\"_blank\" rel=\"noopener noreferrer\">https:\/\/infolocale.ouest-france.fr\/<\/a><\/p>\n<h1>Sport, loisirs et d\u00e9tente<\/h1>\n<p><a href=\"https:\/\/metropole.nantes.fr\/annuaire-des-associations?page=1&amp;theme=Sports%2C%20activit%C3%A9s%20physiques%20et%20de%20loisirs&amp;zone=NANTES%20(Nantes%20Nord)&amp;recherche=*\" target=\"_blank\" rel=\"noopener noreferrer\">Liste des associations sportive Nantes Nord<\/a><\/p>\n<p><a href=\"https:\/\/www.hippodrome-nantes.fr\/\" target=\"_blank\" rel=\"noopener noreferrer\"><img loading=\"lazy\" decoding=\"async\" class=\"alignnone wp-image-184 size-full\" style=\"margin: 8px;\" title=\"Hippodrome - Site officiel (nouvelle fen\u00eatre)\" src=\"http:\/\/www.ilotdelacotedor.fr\/wp-content\/uploads\/2013\/04\/hippodrome.jpg\" alt=\"Hippodrome\" width=\"174\" height=\"88\" \/><\/a> <a href=\"http:\/\/www.nantes-camping.fr\/\" target=\"_blank\" rel=\"noopener noreferrer\"><img loading=\"lazy\" decoding=\"async\" class=\"alignnone size-full wp-image-185\" style=\"margin: 8px;\" title=\"Camping Nantes Petit Port (nouvelle fen\u00eatre)\" src=\"http:\/\/www.ilotdelacotedor.fr\/wp-content\/uploads\/2013\/04\/nantescamping.png\" alt=\"Camping Nantes Petit Port\" width=\"174\" height=\"88\" \/><\/a> <a href=\"http:\/\/www.patinoire-nantes.fr\/\" target=\"_blank\" rel=\"noopener noreferrer\"><img loading=\"lazy\" decoding=\"async\" class=\"alignnone size-full wp-image-186\" style=\"margin: 8px;\" title=\"Patinoire Petit Port (nouvelle fen\u00eatre)\" src=\"http:\/\/www.ilotdelacotedor.fr\/wp-content\/uploads\/2013\/04\/patinoire.png\" alt=\"Patinoire Petit Port\" width=\"174\" height=\"88\" \/><\/a> <a href=\"http:\/\/www.piscine-nantes.fr\/\" target=\"_blank\" rel=\"noopener noreferrer\"><img loading=\"lazy\" decoding=\"async\" class=\"alignnone size-full wp-image-187\" style=\"margin: 8px;\" title=\"Piscine Petit Port (nouvelle fen\u00eatre)\" src=\"http:\/\/www.ilotdelacotedor.fr\/wp-content\/uploads\/2013\/04\/piscinepetitport2.png\" alt=\"Piscine Petit Port\" width=\"174\" height=\"88\" \/><\/a> <a href=\"https:\/\/www.lecomptoirdusoin.com\/\"><img loading=\"lazy\" decoding=\"async\" class=\"alignnone wp-image-1499\" style=\"margin: 8px;\" title=\"Spa Aqua bien \u00eatre (nouvelle fen\u00eatre)\" src=\"http:\/\/www.ilotdelacotedor.fr\/wp-content\/uploads\/2025\/06\/logo-lcds-colo-2020-white-1-300x197.png\" alt=\"\" width=\"134\" height=\"88\" srcset=\"https:\/\/www.ilotdelacotedor.fr\/wp-content\/uploads\/2025\/06\/logo-lcds-colo-2020-white-1-300x197.png 300w, https:\/\/www.ilotdelacotedor.fr\/wp-content\/uploads\/2025\/06\/logo-lcds-colo-2020-white-1.png 400w\" sizes=\"auto, (max-width: 134px) 100vw, 134px\" \/><\/a><\/p>\n","protected":false},"excerpt":{"rendered":"<p>Pour adh\u00e9rer \u00e0 l&rsquo;association, vous pouvez\u00a0aller sur Hello Asso\u00a0ou scanner ce QR-code :* * * * Et pour les questions du quotidien : A quelle heure ferme la d\u00e9chetterie ? O\u00f9 puis-je boire une bonne bi\u00e8re ? Qui expose en &hellip; <a href=\"https:\/\/www.ilotdelacotedor.fr\/?page_id=131\">Continuer la lecture <span class=\"meta-nav\">&rarr;<\/span><\/a><\/p>\n","protected":false},"author":3,"featured_media":0,"parent":0,"menu_order":1,"comment_status":"closed","ping_status":"closed","template":"","meta":{"_exactmetrics_skip_tracking":false,"_exactmetrics_sitenote_active":false,"_exactmetrics_sitenote_note":"","_exactmetrics_sitenote_category":0,"footnotes":""},"class_list":["post-131","page","type-page","status-publish","hentry"],"post_mailing_queue_ids":[],"_links":{"self":[{"href":"https:\/\/www.ilotdelacotedor.fr\/index.php?rest_route=\/wp\/v2\/pages\/131","targetHints":{"allow":["GET"]}}],"collection":[{"href":"https:\/\/www.ilotdelacotedor.fr\/index.php?rest_route=\/wp\/v2\/pages"}],"about":[{"href":"https:\/\/www.ilotdelacotedor.fr\/index.php?rest_route=\/wp\/v2\/types\/page"}],"author":[{"embeddable":true,"href":"https:\/\/www.ilotdelacotedor.fr\/index.php?rest_route=\/wp\/v2\/users\/3"}],"replies":[{"embeddable":true,"href":"https:\/\/www.ilotdelacotedor.fr\/index.php?rest_route=%2Fwp%2Fv2%2Fcomments&post=131"}],"version-history":[{"count":60,"href":"https:\/\/www.ilotdelacotedor.fr\/index.php?rest_route=\/wp\/v2\/pages\/131\/revisions"}],"predecessor-version":[{"id":1603,"href":"https:\/\/www.ilotdelacotedor.fr\/index.php?rest_route=\/wp\/v2\/pages\/131\/revisions\/1603"}],"wp:attachment":[{"href":"https:\/\/www.ilotdelacotedor.fr\/index.php?rest_route=%2Fwp%2Fv2%2Fmedia&parent=131"}],"curies":[{"name":"wp","href":"https:\/\/api.w.org\/{rel}","templated":true}]}}