																	{"id":722,"date":"2017-03-27T12:55:40","date_gmt":"2017-03-27T11:55:40","guid":{"rendered":"http:\/\/www.ilotdelacotedor.fr\/?page_id=722"},"modified":"2017-04-29T08:05:45","modified_gmt":"2017-04-29T07:05:45","slug":"archives","status":"publish","type":"page","link":"https:\/\/www.ilotdelacotedor.fr\/?page_id=722","title":{"rendered":"Archives"},"content":{"rendered":"<h3 class=\"obi-archive-title obi-archive-monthly-t\">Par mois<\/h3><ul class=\"obi-archive-list obi-archive-monthly-l\">\t<li><a href='https:\/\/www.ilotdelacotedor.fr\/?m=202604'>avril 2026<\/a><\/li>\n\t<li><a href='https:\/\/www.ilotdelacotedor.fr\/?m=202603'>mars 2026<\/a><\/li>\n\t<li><a href='https:\/\/www.ilotdelacotedor.fr\/?m=202602'>f\u00e9vrier 2026<\/a><\/li>\n\t<li><a href='https:\/\/www.ilotdelacotedor.fr\/?m=202601'>janvier 2026<\/a><\/li>\n\t<li><a href='https:\/\/www.ilotdelacotedor.fr\/?m=202512'>d\u00e9cembre 2025<\/a><\/li>\n\t<li><a href='https:\/\/www.ilotdelacotedor.fr\/?m=202510'>octobre 2025<\/a><\/li>\n\t<li><a href='https:\/\/www.ilotdelacotedor.fr\/?m=202509'>septembre 2025<\/a><\/li>\n\t<li><a href='https:\/\/www.ilotdelacotedor.fr\/?m=202508'>ao\u00fbt 2025<\/a><\/li>\n\t<li><a href='https:\/\/www.ilotdelacotedor.fr\/?m=202507'>juillet 2025<\/a><\/li>\n\t<li><a href='https:\/\/www.ilotdelacotedor.fr\/?m=202506'>juin 2025<\/a><\/li>\n\t<li><a href='https:\/\/www.ilotdelacotedor.fr\/?m=202505'>mai 2025<\/a><\/li>\n\t<li><a href='https:\/\/www.ilotdelacotedor.fr\/?m=202504'>avril 2025<\/a><\/li>\n\t<li><a href='https:\/\/www.ilotdelacotedor.fr\/?m=202503'>mars 2025<\/a><\/li>\n\t<li><a href='https:\/\/www.ilotdelacotedor.fr\/?m=202501'>janvier 2025<\/a><\/li>\n\t<li><a href='https:\/\/www.ilotdelacotedor.fr\/?m=202410'>octobre 2024<\/a><\/li>\n\t<li><a href='https:\/\/www.ilotdelacotedor.fr\/?m=202409'>septembre 2024<\/a><\/li>\n\t<li><a href='https:\/\/www.ilotdelacotedor.fr\/?m=202406'>juin 2024<\/a><\/li>\n\t<li><a href='https:\/\/www.ilotdelacotedor.fr\/?m=202405'>mai 2024<\/a><\/li>\n\t<li><a href='https:\/\/www.ilotdelacotedor.fr\/?m=202404'>avril 2024<\/a><\/li>\n\t<li><a href='https:\/\/www.ilotdelacotedor.fr\/?m=202403'>mars 2024<\/a><\/li>\n\t<li><a href='https:\/\/www.ilotdelacotedor.fr\/?m=202401'>janvier 2024<\/a><\/li>\n\t<li><a href='https:\/\/www.ilotdelacotedor.fr\/?m=202310'>octobre 2023<\/a><\/li>\n\t<li><a href='https:\/\/www.ilotdelacotedor.fr\/?m=202309'>septembre 2023<\/a><\/li>\n\t<li><a href='https:\/\/www.ilotdelacotedor.fr\/?m=202307'>juillet 2023<\/a><\/li>\n\t<li><a href='https:\/\/www.ilotdelacotedor.fr\/?m=202306'>juin 2023<\/a><\/li>\n\t<li><a href='https:\/\/www.ilotdelacotedor.fr\/?m=202305'>mai 2023<\/a><\/li>\n\t<li><a href='https:\/\/www.ilotdelacotedor.fr\/?m=202303'>mars 2023<\/a><\/li>\n\t<li><a href='https:\/\/www.ilotdelacotedor.fr\/?m=202301'>janvier 2023<\/a><\/li>\n\t<li><a href='https:\/\/www.ilotdelacotedor.fr\/?m=202211'>novembre 2022<\/a><\/li>\n\t<li><a href='https:\/\/www.ilotdelacotedor.fr\/?m=202210'>octobre 2022<\/a><\/li>\n\t<li><a href='https:\/\/www.ilotdelacotedor.fr\/?m=202209'>septembre 2022<\/a><\/li>\n\t<li><a href='https:\/\/www.ilotdelacotedor.fr\/?m=202207'>juillet 2022<\/a><\/li>\n\t<li><a href='https:\/\/www.ilotdelacotedor.fr\/?m=202205'>mai 2022<\/a><\/li>\n\t<li><a href='https:\/\/www.ilotdelacotedor.fr\/?m=202204'>avril 2022<\/a><\/li>\n\t<li><a href='https:\/\/www.ilotdelacotedor.fr\/?m=202111'>novembre 2021<\/a><\/li>\n\t<li><a href='https:\/\/www.ilotdelacotedor.fr\/?m=202109'>septembre 2021<\/a><\/li>\n\t<li><a href='https:\/\/www.ilotdelacotedor.fr\/?m=202106'>juin 2021<\/a><\/li>\n\t<li><a href='https:\/\/www.ilotdelacotedor.fr\/?m=202105'>mai 2021<\/a><\/li>\n\t<li><a href='https:\/\/www.ilotdelacotedor.fr\/?m=202103'>mars 2021<\/a><\/li>\n\t<li><a href='https:\/\/www.ilotdelacotedor.fr\/?m=202009'>septembre 2020<\/a><\/li>\n\t<li><a href='https:\/\/www.ilotdelacotedor.fr\/?m=202006'>juin 2020<\/a><\/li>\n\t<li><a href='https:\/\/www.ilotdelacotedor.fr\/?m=202003'>mars 2020<\/a><\/li>\n\t<li><a href='https:\/\/www.ilotdelacotedor.fr\/?m=202001'>janvier 2020<\/a><\/li>\n\t<li><a href='https:\/\/www.ilotdelacotedor.fr\/?m=201912'>d\u00e9cembre 2019<\/a><\/li>\n\t<li><a href='https:\/\/www.ilotdelacotedor.fr\/?m=201910'>octobre 2019<\/a><\/li>\n\t<li><a href='https:\/\/www.ilotdelacotedor.fr\/?m=201909'>septembre 2019<\/a><\/li>\n\t<li><a href='https:\/\/www.ilotdelacotedor.fr\/?m=201905'>mai 2019<\/a><\/li>\n\t<li><a href='https:\/\/www.ilotdelacotedor.fr\/?m=201902'>f\u00e9vrier 2019<\/a><\/li>\n\t<li><a href='https:\/\/www.ilotdelacotedor.fr\/?m=201901'>janvier 2019<\/a><\/li>\n\t<li><a href='https:\/\/www.ilotdelacotedor.fr\/?m=201809'>septembre 2018<\/a><\/li>\n\t<li><a href='https:\/\/www.ilotdelacotedor.fr\/?m=201805'>mai 2018<\/a><\/li>\n\t<li><a href='https:\/\/www.ilotdelacotedor.fr\/?m=201804'>avril 2018<\/a><\/li>\n\t<li><a href='https:\/\/www.ilotdelacotedor.fr\/?m=201803'>mars 2018<\/a><\/li>\n\t<li><a href='https:\/\/www.ilotdelacotedor.fr\/?m=201802'>f\u00e9vrier 2018<\/a><\/li>\n\t<li><a href='https:\/\/www.ilotdelacotedor.fr\/?m=201801'>janvier 2018<\/a><\/li>\n\t<li><a href='https:\/\/www.ilotdelacotedor.fr\/?m=201711'>novembre 2017<\/a><\/li>\n\t<li><a href='https:\/\/www.ilotdelacotedor.fr\/?m=201710'>octobre 2017<\/a><\/li>\n\t<li><a href='https:\/\/www.ilotdelacotedor.fr\/?m=201709'>septembre 2017<\/a><\/li>\n\t<li><a href='https:\/\/www.ilotdelacotedor.fr\/?m=201706'>juin 2017<\/a><\/li>\n\t<li><a href='https:\/\/www.ilotdelacotedor.fr\/?m=201705'>mai 2017<\/a><\/li>\n\t<li><a href='https:\/\/www.ilotdelacotedor.fr\/?m=201704'>avril 2017<\/a><\/li>\n\t<li><a href='https:\/\/www.ilotdelacotedor.fr\/?m=201703'>mars 2017<\/a><\/li>\n\t<li><a href='https:\/\/www.ilotdelacotedor.fr\/?m=201607'>juillet 2016<\/a><\/li>\n\t<li><a href='https:\/\/www.ilotdelacotedor.fr\/?m=201604'>avril 2016<\/a><\/li>\n\t<li><a href='https:\/\/www.ilotdelacotedor.fr\/?m=201603'>mars 2016<\/a><\/li>\n\t<li><a href='https:\/\/www.ilotdelacotedor.fr\/?m=201405'>mai 2014<\/a><\/li>\n\t<li><a href='https:\/\/www.ilotdelacotedor.fr\/?m=201403'>mars 2014<\/a><\/li>\n\t<li><a href='https:\/\/www.ilotdelacotedor.fr\/?m=201312'>d\u00e9cembre 2013<\/a><\/li>\n\t<li><a href='https:\/\/www.ilotdelacotedor.fr\/?m=201310'>octobre 2013<\/a><\/li>\n\t<li><a href='https:\/\/www.ilotdelacotedor.fr\/?m=201309'>septembre 2013<\/a><\/li>\n\t<li><a href='https:\/\/www.ilotdelacotedor.fr\/?m=201307'>juillet 2013<\/a><\/li>\n\t<li><a href='https:\/\/www.ilotdelacotedor.fr\/?m=201306'>juin 2013<\/a><\/li>\n\t<li><a href='https:\/\/www.ilotdelacotedor.fr\/?m=201305'>mai 2013<\/a><\/li>\n\t<li><a href='https:\/\/www.ilotdelacotedor.fr\/?m=201304'>avril 2013<\/a><\/li>\n\t<li><a href='https:\/\/www.ilotdelacotedor.fr\/?m=201303'>mars 2013<\/a><\/li>\n<\/ul>\n<h3 class=\"obi-archive-title obi-archive-yearly-t\">Par an<\/h3><ul class=\"obi-archive-list obi-archive-yearly-l\">\t<li><a href='https:\/\/www.ilotdelacotedor.fr\/?m=2026'>2026<\/a><\/li>\n\t<li><a href='https:\/\/www.ilotdelacotedor.fr\/?m=2025'>2025<\/a><\/li>\n\t<li><a href='https:\/\/www.ilotdelacotedor.fr\/?m=2024'>2024<\/a><\/li>\n\t<li><a href='https:\/\/www.ilotdelacotedor.fr\/?m=2023'>2023<\/a><\/li>\n\t<li><a href='https:\/\/www.ilotdelacotedor.fr\/?m=2022'>2022<\/a><\/li>\n\t<li><a href='https:\/\/www.ilotdelacotedor.fr\/?m=2021'>2021<\/a><\/li>\n\t<li><a href='https:\/\/www.ilotdelacotedor.fr\/?m=2020'>2020<\/a><\/li>\n\t<li><a href='https:\/\/www.ilotdelacotedor.fr\/?m=2019'>2019<\/a><\/li>\n\t<li><a href='https:\/\/www.ilotdelacotedor.fr\/?m=2018'>2018<\/a><\/li>\n\t<li><a href='https:\/\/www.ilotdelacotedor.fr\/?m=2017'>2017<\/a><\/li>\n\t<li><a href='https:\/\/www.ilotdelacotedor.fr\/?m=2016'>2016<\/a><\/li>\n\t<li><a href='https:\/\/www.ilotdelacotedor.fr\/?m=2014'>2014<\/a><\/li>\n\t<li><a href='https:\/\/www.ilotdelacotedor.fr\/?m=2013'>2013<\/a><\/li>\n<\/ul>\n<h3 class=\"obi-archive-title obi-archive-cats-t\">Par categorie<\/h3><ul class=\"obi-archive-list obi-archive-cats-l\">\t<li class=\"cat-item cat-item-2\"><a href=\"https:\/\/www.ilotdelacotedor.fr\/?cat=2\">Animation<\/a>\n<\/li>\n\t<li class=\"cat-item cat-item-9\"><a href=\"https:\/\/www.ilotdelacotedor.fr\/?cat=9\">Association<\/a>\n<ul class='children'>\n\t<li class=\"cat-item cat-item-22\"><a href=\"https:\/\/www.ilotdelacotedor.fr\/?cat=22\">Compte-rendu<\/a>\n<\/li>\n<\/ul>\n<\/li>\n\t<li class=\"cat-item cat-item-10\"><a href=\"https:\/\/www.ilotdelacotedor.fr\/?cat=10\">Histoire du quartier<\/a>\n<\/li>\n\t<li class=\"cat-item cat-item-1\"><a href=\"https:\/\/www.ilotdelacotedor.fr\/?cat=1\">Non class\u00e9<\/a>\n<\/li>\n\t<li class=\"cat-item cat-item-6\"><a href=\"https:\/\/www.ilotdelacotedor.fr\/?cat=6\">Urbanisme<\/a>\n<\/li>\n\t<li class=\"cat-item cat-item-3\"><a href=\"https:\/\/www.ilotdelacotedor.fr\/?cat=3\">Vie de quartier<\/a>\n<\/li>\n<\/ul>\n<h3 class=\"obi-archive-title obi-archive-latest-posts-t\">Dernier billet<\/h3><ul class=\"obi-archive-list obi-archive-latest-posts-l\"><li><a href=\"https:\/\/www.ilotdelacotedor.fr\/?p=1646\" title=\"Troc plantes, le retour !\">Troc plantes, le retour !<\/a><\/li><li><a href=\"https:\/\/www.ilotdelacotedor.fr\/?p=1639\" title=\"l&#039;Assembl\u00e9e G\u00e9n\u00e9rale de l&#039;association\">l&#039;Assembl\u00e9e G\u00e9n\u00e9rale de l&#039;association<\/a><\/li><li><a href=\"https:\/\/www.ilotdelacotedor.fr\/?p=1620\" title=\"Nouveau calendrier des travaux pour le r\u00e9seau d&#039;eau\">Nouveau calendrier des travaux pour le r\u00e9seau d&#039;eau<\/a><\/li><li><a href=\"https:\/\/www.ilotdelacotedor.fr\/?p=1617\" title=\"Pour rejoindre l&#039;\u00e9quipe\">Pour rejoindre l&#039;\u00e9quipe<\/a><\/li><li><a href=\"https:\/\/www.ilotdelacotedor.fr\/?p=1608\" title=\"N&#039;oubliez pas : vendredi 27 mars, c&#039;est l&#039;AG de l&#039;\u00eelot de la c\u00f4te d&#039;or\">N&#039;oubliez pas : vendredi 27 mars, c&#039;est l&#039;AG de l&#039;\u00eelot de la c\u00f4te d&#039;or<\/a><\/li><li><a href=\"https:\/\/www.ilotdelacotedor.fr\/?p=1584\" title=\"Notez dans votre agenda : l&#039;AG en mars\">Notez dans votre agenda : l&#039;AG en mars<\/a><\/li><li><a href=\"https:\/\/www.ilotdelacotedor.fr\/?p=1599\" title=\"Actu de fin f\u00e9vrier\">Actu de fin f\u00e9vrier<\/a><\/li><li><a href=\"https:\/\/www.ilotdelacotedor.fr\/?p=1591\" title=\"Les pi\u00e8ges \u00e0 frelons arrivent !\">Les pi\u00e8ges \u00e0 frelons arrivent !<\/a><\/li><li><a href=\"https:\/\/www.ilotdelacotedor.fr\/?p=1576\" title=\"retour sur la soir\u00e9e cr\u00eapes du 5 f\u00e9vrier\">retour sur la soir\u00e9e cr\u00eapes du 5 f\u00e9vrier<\/a><\/li><li><a href=\"https:\/\/www.ilotdelacotedor.fr\/?p=1570\" title=\"Demain la soir\u00e9e cr\u00eapes\">Demain la soir\u00e9e cr\u00eapes<\/a><\/li><\/ul>\n<div class=\"line number5 index4 alt2\">&nbsp;<\/div>\n<div class=\"line number6 index5 alt1\"><code class=\"php plain\"><\/code><code class=\"php plain\"><\/code><\/div>\n","protected":false},"excerpt":{"rendered":"<p>&nbsp;<\/p>\n","protected":false},"author":4,"featured_media":0,"parent":0,"menu_order":0,"comment_status":"closed","ping_status":"closed","template":"","meta":{"_exactmetrics_skip_tracking":false,"_exactmetrics_sitenote_active":false,"_exactmetrics_sitenote_note":"","_exactmetrics_sitenote_category":0,"footnotes":""},"class_list":["post-722","page","type-page","status-publish","hentry"],"post_mailing_queue_ids":[],"_links":{"self":[{"href":"https:\/\/www.ilotdelacotedor.fr\/index.php?rest_route=\/wp\/v2\/pages\/722","targetHints":{"allow":["GET"]}}],"collection":[{"href":"https:\/\/www.ilotdelacotedor.fr\/index.php?rest_route=\/wp\/v2\/pages"}],"about":[{"href":"https:\/\/www.ilotdelacotedor.fr\/index.php?rest_route=\/wp\/v2\/types\/page"}],"author":[{"embeddable":true,"href":"https:\/\/www.ilotdelacotedor.fr\/index.php?rest_route=\/wp\/v2\/users\/4"}],"replies":[{"embeddable":true,"href":"https:\/\/www.ilotdelacotedor.fr\/index.php?rest_route=%2Fwp%2Fv2%2Fcomments&post=722"}],"version-history":[{"count":5,"href":"https:\/\/www.ilotdelacotedor.fr\/index.php?rest_route=\/wp\/v2\/pages\/722\/revisions"}],"predecessor-version":[{"id":1007,"href":"https:\/\/www.ilotdelacotedor.fr\/index.php?rest_route=\/wp\/v2\/pages\/722\/revisions\/1007"}],"wp:attachment":[{"href":"https:\/\/www.ilotdelacotedor.fr\/index.php?rest_route=%2Fwp%2Fv2%2Fmedia&parent=722"}],"curies":[{"name":"wp","href":"https:\/\/api.w.org\/{rel}","templated":true}]}}